{"id":19,"date":"2023-11-08T18:55:42","date_gmt":"2023-11-08T17:55:42","guid":{"rendered":"https:\/\/www.blanimilani.de\/?page_id=19"},"modified":"2024-05-03T11:01:55","modified_gmt":"2024-05-03T09:01:55","slug":"massagen","status":"publish","type":"page","link":"https:\/\/www.blanimilani.de\/index.php\/massagen\/","title":{"rendered":"Massagen"},"content":{"rendered":"\t\t<div data-elementor-type=\"wp-page\" data-elementor-id=\"19\" class=\"elementor elementor-19\" data-elementor-post-type=\"page\">\n\t\t\t\t\t\t<section class=\"elementor-section elementor-top-section elementor-element elementor-element-2cd8ccc9 elementor-section-boxed elementor-section-height-default elementor-section-height-default\" data-id=\"2cd8ccc9\" data-element_type=\"section\" data-settings=\"{&quot;background_background&quot;:&quot;classic&quot;}\">\n\t\t\t\t\t\t\t<div class=\"elementor-background-overlay\"><\/div>\n\t\t\t\t\t\t\t<div class=\"elementor-container elementor-column-gap-default\">\n\t\t\t\t\t<div class=\"elementor-column elementor-col-100 elementor-top-column elementor-element elementor-element-2ae54f66\" data-id=\"2ae54f66\" data-element_type=\"column\">\n\t\t\t<div class=\"elementor-widget-wrap elementor-element-populated\">\n\t\t\t\t\t\t<div class=\"elementor-element elementor-element-5e2f2b26 elementor-widget elementor-widget-heading\" data-id=\"5e2f2b26\" data-element_type=\"widget\" data-widget_type=\"heading.default\">\n\t\t\t\t<div class=\"elementor-widget-container\">\n\t\t\t\t\t<h1 class=\"elementor-heading-title elementor-size-default\">Massagen<\/h1>\t\t\t\t<\/div>\n\t\t\t\t<\/div>\n\t\t\t\t\t<\/div>\n\t\t<\/div>\n\t\t\t\t\t<\/div>\n\t\t<\/section>\n\t\t\t\t<section class=\"elementor-section elementor-top-section elementor-element elementor-element-2fa2d04f elementor-section-content-middle elementor-section-boxed elementor-section-height-default elementor-section-height-default\" data-id=\"2fa2d04f\" data-element_type=\"section\">\n\t\t\t\t\t\t<div class=\"elementor-container elementor-column-gap-default\">\n\t\t\t\t\t<div class=\"elementor-column elementor-col-50 elementor-top-column elementor-element elementor-element-311478b7\" data-id=\"311478b7\" data-element_type=\"column\">\n\t\t\t<div class=\"elementor-widget-wrap elementor-element-populated\">\n\t\t\t\t\t\t<div class=\"elementor-element elementor-element-83dd4ba elementor-widget elementor-widget-image\" data-id=\"83dd4ba\" data-element_type=\"widget\" data-widget_type=\"image.default\">\n\t\t\t\t<div class=\"elementor-widget-container\">\n\t\t\t\t\t\t\t\t\t\t\t\t\t\t\t<img fetchpriority=\"high\" decoding=\"async\" width=\"1706\" height=\"1706\" src=\"https:\/\/www.blanimilani.de\/wp-content\/uploads\/2024\/03\/image000011-scaled-e1712567298806.jpeg\" class=\"attachment-full size-full wp-image-466\" alt=\"\" srcset=\"https:\/\/www.blanimilani.de\/wp-content\/uploads\/2024\/03\/image000011-scaled-e1712567298806.jpeg 1706w, https:\/\/www.blanimilani.de\/wp-content\/uploads\/2024\/03\/image000011-scaled-e1712567298806-300x300.jpeg 300w, https:\/\/www.blanimilani.de\/wp-content\/uploads\/2024\/03\/image000011-scaled-e1712567298806-1024x1024.jpeg 1024w, https:\/\/www.blanimilani.de\/wp-content\/uploads\/2024\/03\/image000011-scaled-e1712567298806-150x150.jpeg 150w, https:\/\/www.blanimilani.de\/wp-content\/uploads\/2024\/03\/image000011-scaled-e1712567298806-768x768.jpeg 768w, https:\/\/www.blanimilani.de\/wp-content\/uploads\/2024\/03\/image000011-scaled-e1712567298806-1536x1536.jpeg 1536w\" sizes=\"(max-width: 1706px) 100vw, 1706px\" \/>\t\t\t\t\t\t\t\t\t\t\t\t\t\t\t<\/div>\n\t\t\t\t<\/div>\n\t\t\t\t\t<\/div>\n\t\t<\/div>\n\t\t\t\t<div class=\"elementor-column elementor-col-50 elementor-top-column elementor-element elementor-element-53556f85\" data-id=\"53556f85\" data-element_type=\"column\">\n\t\t\t<div class=\"elementor-widget-wrap elementor-element-populated\">\n\t\t\t\t\t\t<div class=\"elementor-element elementor-element-58e15e85 elementor-widget elementor-widget-heading\" data-id=\"58e15e85\" data-element_type=\"widget\" data-widget_type=\"heading.default\">\n\t\t\t\t<div class=\"elementor-widget-container\">\n\t\t\t\t\t<h2 class=\"elementor-heading-title elementor-size-default\">Kobido<\/h2>\t\t\t\t<\/div>\n\t\t\t\t<\/div>\n\t\t\t\t<div class=\"elementor-element elementor-element-3dfc9e7 elementor-widget elementor-widget-text-editor\" data-id=\"3dfc9e7\" data-element_type=\"widget\" data-widget_type=\"text-editor.default\">\n\t\t\t\t<div class=\"elementor-widget-container\">\n\t\t\t\t\t\t\t\t\t<p>Kobido ist eine traditionelle japanische Gesichtsmassage, die auf jahrhundertealten Techniken basiert. Der Name &#8222;Kobido&#8221; bedeutet w\u00f6rtlich \u00fcbersetzt &#8222;altes Sch\u00f6nheitsweg&#8221;. Diese Massageform ist bekannt f\u00fcr ihre sanften, aber effektiven Techniken, die darauf abzielen, die Haut zu straffen, die Muskulatur zu st\u00e4rken und die Gesichtsz\u00fcge zu beleben.<\/p><p>W\u00e4hrend einer Kobido-Massage werden verschiedene Methoden angewendet, darunter sanfte Druckpunktmassagen, Streichbewegungen und spezielle Handgriffe, die die Durchblutung verbessern und die Lymphdrainage f\u00f6rdern. Die Massage konzentriert sich nicht nur auf die Haut, sondern auch auf die Muskulatur unterhalb der Hautschicht, um ein ganzheitliches Verj\u00fcngungserlebnis zu bieten.<\/p><p>Die Techniken sind nicht nur auf die Verbesserung der \u00e4u\u00dferen Erscheinung ausgerichtet, sondern sollen auch das allgemeine Wohlbefinden steigern, indem sie Stress abbauen und eine tiefe Entspannung f\u00f6rdern.<\/p>\t\t\t\t\t\t\t\t<\/div>\n\t\t\t\t<\/div>\n\t\t\t\t\t<\/div>\n\t\t<\/div>\n\t\t\t\t\t<\/div>\n\t\t<\/section>\n\t\t\t\t<section class=\"elementor-section elementor-top-section elementor-element elementor-element-b657a21 elementor-section-content-middle elementor-section-boxed elementor-section-height-default elementor-section-height-default\" data-id=\"b657a21\" data-element_type=\"section\" data-settings=\"{&quot;background_background&quot;:&quot;classic&quot;}\">\n\t\t\t\t\t\t<div class=\"elementor-container elementor-column-gap-default\">\n\t\t\t\t\t<div class=\"elementor-column elementor-col-50 elementor-top-column elementor-element elementor-element-96ba2bf\" data-id=\"96ba2bf\" data-element_type=\"column\">\n\t\t\t<div class=\"elementor-widget-wrap elementor-element-populated\">\n\t\t\t\t\t\t<div class=\"elementor-element elementor-element-93293ba elementor-widget elementor-widget-heading\" data-id=\"93293ba\" data-element_type=\"widget\" data-widget_type=\"heading.default\">\n\t\t\t\t<div class=\"elementor-widget-container\">\n\t\t\t\t\t<h2 class=\"elementor-heading-title elementor-size-default\">Face lift<\/h2>\t\t\t\t<\/div>\n\t\t\t\t<\/div>\n\t\t\t\t<div class=\"elementor-element elementor-element-b0b9f30 elementor-widget elementor-widget-text-editor\" data-id=\"b0b9f30\" data-element_type=\"widget\" data-widget_type=\"text-editor.default\">\n\t\t\t\t<div class=\"elementor-widget-container\">\n\t\t\t\t\t\t\t\t\t<p>Gesichtsmassage mit dem Ziel des &#8222;Face Lift&#8221; konzentriert sich darauf, die Gesichtshaut zu straffen, die Muskulatur zu beleben und das allgemeine Erscheinungsbild zu verj\u00fcngen. Diese Massageform nutzt verschiedene Techniken, um die Hautelastizit\u00e4t zu verbessern und feine Linien sowie Falten zu reduzieren. W\u00e4hrend der Massage k\u00f6nnen sanfter Druck, Streichbewegungen, Kneten und spezielle Handgriffe angewendet werden. Durch diese Techniken wird die Zirkulation von Blut und Lymphfl\u00fcssigkeit verbessert, was zu einem frischeren, strahlenderen Hautbild f\u00fchren kann.<\/p><p>Die Massage kann auch dazu beitragen, Spannungen im Gesicht zu reduzieren, da bestimmte Muskelgruppen entspannt werden.<\/p>\t\t\t\t\t\t\t\t<\/div>\n\t\t\t\t<\/div>\n\t\t\t\t\t<\/div>\n\t\t<\/div>\n\t\t\t\t<div class=\"elementor-column elementor-col-50 elementor-top-column elementor-element elementor-element-4432dc5\" data-id=\"4432dc5\" data-element_type=\"column\">\n\t\t\t<div class=\"elementor-widget-wrap elementor-element-populated\">\n\t\t\t\t\t\t<div class=\"elementor-element elementor-element-5951bb2 elementor-widget elementor-widget-image\" data-id=\"5951bb2\" data-element_type=\"widget\" data-widget_type=\"image.default\">\n\t\t\t\t<div class=\"elementor-widget-container\">\n\t\t\t\t\t\t\t\t\t\t\t\t\t\t\t<img decoding=\"async\" width=\"800\" height=\"800\" src=\"https:\/\/www.blanimilani.de\/wp-content\/uploads\/2024\/04\/image00001-scaled-e1712568029891-1024x1024.jpeg\" class=\"attachment-large size-large wp-image-497\" alt=\"\" srcset=\"https:\/\/www.blanimilani.de\/wp-content\/uploads\/2024\/04\/image00001-scaled-e1712568029891-1024x1024.jpeg 1024w, https:\/\/www.blanimilani.de\/wp-content\/uploads\/2024\/04\/image00001-scaled-e1712568029891-300x300.jpeg 300w, https:\/\/www.blanimilani.de\/wp-content\/uploads\/2024\/04\/image00001-scaled-e1712568029891-150x150.jpeg 150w, https:\/\/www.blanimilani.de\/wp-content\/uploads\/2024\/04\/image00001-scaled-e1712568029891-768x768.jpeg 768w, https:\/\/www.blanimilani.de\/wp-content\/uploads\/2024\/04\/image00001-scaled-e1712568029891-1536x1536.jpeg 1536w, https:\/\/www.blanimilani.de\/wp-content\/uploads\/2024\/04\/image00001-scaled-e1712568029891.jpeg 1706w\" sizes=\"(max-width: 800px) 100vw, 800px\" \/>\t\t\t\t\t\t\t\t\t\t\t\t\t\t\t<\/div>\n\t\t\t\t<\/div>\n\t\t\t\t\t<\/div>\n\t\t<\/div>\n\t\t\t\t\t<\/div>\n\t\t<\/section>\n\t\t\t\t<section class=\"elementor-section elementor-top-section elementor-element elementor-element-cdf874c elementor-section-content-middle elementor-section-boxed elementor-section-height-default elementor-section-height-default\" data-id=\"cdf874c\" data-element_type=\"section\">\n\t\t\t\t\t\t<div class=\"elementor-container elementor-column-gap-default\">\n\t\t\t\t\t<div class=\"elementor-column elementor-col-50 elementor-top-column elementor-element elementor-element-9e1bb40\" data-id=\"9e1bb40\" data-element_type=\"column\">\n\t\t\t<div class=\"elementor-widget-wrap elementor-element-populated\">\n\t\t\t\t\t\t<div class=\"elementor-element elementor-element-5b0b3d3 elementor-widget elementor-widget-image\" data-id=\"5b0b3d3\" data-element_type=\"widget\" data-widget_type=\"image.default\">\n\t\t\t\t<div class=\"elementor-widget-container\">\n\t\t\t\t\t\t\t\t\t\t\t\t\t\t\t<img decoding=\"async\" width=\"800\" height=\"800\" src=\"https:\/\/www.blanimilani.de\/wp-content\/uploads\/2024\/03\/image00002-kopia-4-scaled-1-1024x1024.webp\" class=\"attachment-large size-large wp-image-408\" alt=\"\" srcset=\"https:\/\/www.blanimilani.de\/wp-content\/uploads\/2024\/03\/image00002-kopia-4-scaled-1-1024x1024.webp 1024w, https:\/\/www.blanimilani.de\/wp-content\/uploads\/2024\/03\/image00002-kopia-4-scaled-1-300x300.webp 300w, https:\/\/www.blanimilani.de\/wp-content\/uploads\/2024\/03\/image00002-kopia-4-scaled-1-150x150.webp 150w, https:\/\/www.blanimilani.de\/wp-content\/uploads\/2024\/03\/image00002-kopia-4-scaled-1-768x768.webp 768w, https:\/\/www.blanimilani.de\/wp-content\/uploads\/2024\/03\/image00002-kopia-4-scaled-1-1536x1536.webp 1536w, https:\/\/www.blanimilani.de\/wp-content\/uploads\/2024\/03\/image00002-kopia-4-scaled-1.webp 1675w\" sizes=\"(max-width: 800px) 100vw, 800px\" \/>\t\t\t\t\t\t\t\t\t\t\t\t\t\t\t<\/div>\n\t\t\t\t<\/div>\n\t\t\t\t\t<\/div>\n\t\t<\/div>\n\t\t\t\t<div class=\"elementor-column elementor-col-50 elementor-top-column elementor-element elementor-element-b7fd91d\" data-id=\"b7fd91d\" data-element_type=\"column\">\n\t\t\t<div class=\"elementor-widget-wrap elementor-element-populated\">\n\t\t\t\t\t\t<div class=\"elementor-element elementor-element-864047b elementor-widget elementor-widget-heading\" data-id=\"864047b\" data-element_type=\"widget\" data-widget_type=\"heading.default\">\n\t\t\t\t<div class=\"elementor-widget-container\">\n\t\t\t\t\t<h2 class=\"elementor-heading-title elementor-size-default\">Maderoterapie<\/h2>\t\t\t\t<\/div>\n\t\t\t\t<\/div>\n\t\t\t\t<div class=\"elementor-element elementor-element-8544730 elementor-widget elementor-widget-text-editor\" data-id=\"8544730\" data-element_type=\"widget\" data-widget_type=\"text-editor.default\">\n\t\t\t\t<div class=\"elementor-widget-container\">\n\t\t\t\t\t\t\t\t\t<p>Maderoterapia ist eine spezielle Massage- und Sch\u00f6nheitsbehandlungstechnik, die Holzinstrumente verwendet, um die Hautstruktur zu verbessern, Cellulite zu reduzieren und die K\u00f6rperform zu modellieren. Der Name leitet sich von &#8222;madera&#8221; ab, dem spanischen Wort f\u00fcr Holz.<\/p><p>Die Massage mit Holzinstrumenten kann dazu beitragen, \u00fcbersch\u00fcssige Fl\u00fcssigkeiten aus dem Gewebe zu entfernen, was Cellulite mindern und die Haut straffen kann. Dar\u00fcber hinaus wird Maderoterapia oft als entspannende Behandlung erlebt, die Stress abbauen und das allgemeine Wohlbefinden steigern kann<\/p>\t\t\t\t\t\t\t\t<\/div>\n\t\t\t\t<\/div>\n\t\t\t\t\t<\/div>\n\t\t<\/div>\n\t\t\t\t\t<\/div>\n\t\t<\/section>\n\t\t\t\t<section class=\"elementor-section elementor-top-section elementor-element elementor-element-9cf0082 elementor-section-content-middle elementor-section-boxed elementor-section-height-default elementor-section-height-default\" data-id=\"9cf0082\" data-element_type=\"section\" data-settings=\"{&quot;background_background&quot;:&quot;classic&quot;}\">\n\t\t\t\t\t\t<div class=\"elementor-container elementor-column-gap-default\">\n\t\t\t\t\t<div class=\"elementor-column elementor-col-50 elementor-top-column elementor-element elementor-element-9a56619\" data-id=\"9a56619\" data-element_type=\"column\">\n\t\t\t<div class=\"elementor-widget-wrap elementor-element-populated\">\n\t\t\t\t\t\t<div class=\"elementor-element elementor-element-7cab12f elementor-widget elementor-widget-heading\" data-id=\"7cab12f\" data-element_type=\"widget\" data-widget_type=\"heading.default\">\n\t\t\t\t<div class=\"elementor-widget-container\">\n\t\t\t\t\t<h2 class=\"elementor-heading-title elementor-size-default\">Hadado<\/h2>\t\t\t\t<\/div>\n\t\t\t\t<\/div>\n\t\t\t\t<div class=\"elementor-element elementor-element-e77fa80 elementor-widget elementor-widget-text-editor\" data-id=\"e77fa80\" data-element_type=\"widget\" data-widget_type=\"text-editor.default\">\n\t\t\t\t<div class=\"elementor-widget-container\">\n\t\t\t\t\t\t\t\t\t<p>Die japanische Facelift-Massagetechnik von Hadado bietet einen umfassenden Ansatz zur Behandlung verschiedener Gesichtsprobleme, einschlie\u00dflich der Reduzierung von Mimikfalten, Nasolabialfalten, Marionettenfalten, Gravitationsfalten und Kompressionsfalten. Dar\u00fcber hinaus bek\u00e4mpft es wirksam h\u00e4ufige Probleme wie geschwollene Augen, Augenringe, Doppelkinn und das Auftreten eines Witwenbuckels.<br \/>Diese Ergebnisse werden durch eine Kombination von Faktoren erreicht, darunter eine verbesserte Lymphdrainage, Muskelentspannung, potenzielle Stimulierung der Kollagenproduktion, Stressreduzierung und eine verbesserte Aufnahme von Hautpflegeprodukten. Bei der Massage werden Akupressurtechniken eingesetzt, um die Gesichtsmuskulatur zu entspannen, was zu einem glatteren, jugendlicheren Teint und einer sp\u00fcrbaren Straffung der Haut f\u00fchrt.<\/p>\t\t\t\t\t\t\t\t<\/div>\n\t\t\t\t<\/div>\n\t\t\t\t\t<\/div>\n\t\t<\/div>\n\t\t\t\t<div class=\"elementor-column elementor-col-50 elementor-top-column elementor-element elementor-element-047a9b3\" data-id=\"047a9b3\" data-element_type=\"column\">\n\t\t\t<div class=\"elementor-widget-wrap elementor-element-populated\">\n\t\t\t\t\t\t<div class=\"elementor-element elementor-element-fe5d7a3 elementor-widget elementor-widget-image\" data-id=\"fe5d7a3\" data-element_type=\"widget\" data-widget_type=\"image.default\">\n\t\t\t\t<div class=\"elementor-widget-container\">\n\t\t\t\t\t\t\t\t\t\t\t\t\t\t\t<img loading=\"lazy\" decoding=\"async\" width=\"666\" height=\"666\" src=\"https:\/\/www.blanimilani.de\/wp-content\/uploads\/2023\/11\/beautiful-young-woman-at-a-spa-salon-PCXQB3L-e1713294429953.jpg\" class=\"attachment-large size-large wp-image-90\" alt=\"\" srcset=\"https:\/\/www.blanimilani.de\/wp-content\/uploads\/2023\/11\/beautiful-young-woman-at-a-spa-salon-PCXQB3L-e1713294429953.jpg 666w, https:\/\/www.blanimilani.de\/wp-content\/uploads\/2023\/11\/beautiful-young-woman-at-a-spa-salon-PCXQB3L-e1713294429953-300x300.jpg 300w, https:\/\/www.blanimilani.de\/wp-content\/uploads\/2023\/11\/beautiful-young-woman-at-a-spa-salon-PCXQB3L-e1713294429953-150x150.jpg 150w\" sizes=\"(max-width: 666px) 100vw, 666px\" \/>\t\t\t\t\t\t\t\t\t\t\t\t\t\t\t<\/div>\n\t\t\t\t<\/div>\n\t\t\t\t\t<\/div>\n\t\t<\/div>\n\t\t\t\t\t<\/div>\n\t\t<\/section>\n\t\t\t\t<section class=\"elementor-section elementor-top-section elementor-element elementor-element-97a5c97 elementor-section-content-middle elementor-section-boxed elementor-section-height-default elementor-section-height-default\" data-id=\"97a5c97\" data-element_type=\"section\">\n\t\t\t\t\t\t<div class=\"elementor-container elementor-column-gap-default\">\n\t\t\t\t\t<div class=\"elementor-column elementor-col-50 elementor-top-column elementor-element elementor-element-30101b9\" data-id=\"30101b9\" data-element_type=\"column\">\n\t\t\t<div class=\"elementor-widget-wrap elementor-element-populated\">\n\t\t\t\t\t\t<div class=\"elementor-element elementor-element-a529ac0 elementor-widget elementor-widget-image\" data-id=\"a529ac0\" data-element_type=\"widget\" data-widget_type=\"image.default\">\n\t\t\t\t<div class=\"elementor-widget-container\">\n\t\t\t\t\t\t\t\t\t\t\t\t\t\t\t<img loading=\"lazy\" decoding=\"async\" width=\"800\" height=\"800\" src=\"https:\/\/www.blanimilani.de\/wp-content\/uploads\/2024\/04\/b1a04a95-fb88-419d-8d48-d0ef053e0cdd-1024x1024.jpeg\" class=\"attachment-large size-large wp-image-603\" alt=\"\" srcset=\"https:\/\/www.blanimilani.de\/wp-content\/uploads\/2024\/04\/b1a04a95-fb88-419d-8d48-d0ef053e0cdd-1024x1024.jpeg 1024w, https:\/\/www.blanimilani.de\/wp-content\/uploads\/2024\/04\/b1a04a95-fb88-419d-8d48-d0ef053e0cdd-300x300.jpeg 300w, https:\/\/www.blanimilani.de\/wp-content\/uploads\/2024\/04\/b1a04a95-fb88-419d-8d48-d0ef053e0cdd-150x150.jpeg 150w, https:\/\/www.blanimilani.de\/wp-content\/uploads\/2024\/04\/b1a04a95-fb88-419d-8d48-d0ef053e0cdd-768x768.jpeg 768w, https:\/\/www.blanimilani.de\/wp-content\/uploads\/2024\/04\/b1a04a95-fb88-419d-8d48-d0ef053e0cdd.jpeg 1080w\" sizes=\"(max-width: 800px) 100vw, 800px\" \/>\t\t\t\t\t\t\t\t\t\t\t\t\t\t\t<\/div>\n\t\t\t\t<\/div>\n\t\t\t\t\t<\/div>\n\t\t<\/div>\n\t\t\t\t<div class=\"elementor-column elementor-col-50 elementor-top-column elementor-element elementor-element-65ce93e\" data-id=\"65ce93e\" data-element_type=\"column\">\n\t\t\t<div class=\"elementor-widget-wrap elementor-element-populated\">\n\t\t\t\t\t\t<div class=\"elementor-element elementor-element-00dcad8 elementor-widget elementor-widget-heading\" data-id=\"00dcad8\" data-element_type=\"widget\" data-widget_type=\"heading.default\">\n\t\t\t\t<div class=\"elementor-widget-container\">\n\t\t\t\t\t<h2 class=\"elementor-heading-title elementor-size-default\">Brasilianische Lymphdrainage \nMethode Renata Fran\u00e7a<\/h2>\t\t\t\t<\/div>\n\t\t\t\t<\/div>\n\t\t\t\t<div class=\"elementor-element elementor-element-b912bfb elementor-widget elementor-widget-text-editor\" data-id=\"b912bfb\" data-element_type=\"widget\" data-widget_type=\"text-editor.default\">\n\t\t\t\t<div class=\"elementor-widget-container\">\n\t\t\t\t\t\t\t\t\t<p>Brasilianische Lymphdrainage nach der Renata Franca Methode ist eine spezielle Technik zur Entgiftung und Entw\u00e4sserung des K\u00f6rpers, die sich durch ihre sanften, aber effektiven Bewegungen auszeichnet. Diese Methode zielt darauf ab, die Lymphzirkulation zu verbessern, Schwellungen zu reduzieren und das Erscheinungsbild von Cellulite zu minimieren. Durch gezielte Massagetechniken entlang der Lymphbahnen wird der K\u00f6rper von Toxinen befreit und das Immunsystem gest\u00e4rkt. Die Brasilianische Lymphdrainage bietet nicht nur k\u00f6rperliche Entlastung, sondern auch ein Gef\u00fchl der Entspannung und des Wohlbefindens.<\/p>\t\t\t\t\t\t\t\t<\/div>\n\t\t\t\t<\/div>\n\t\t\t\t\t<\/div>\n\t\t<\/div>\n\t\t\t\t\t<\/div>\n\t\t<\/section>\n\t\t\t\t<section class=\"elementor-section elementor-top-section elementor-element elementor-element-ad4ee00 elementor-section-content-middle elementor-section-boxed elementor-section-height-default elementor-section-height-default\" data-id=\"ad4ee00\" data-element_type=\"section\" data-settings=\"{&quot;background_background&quot;:&quot;classic&quot;}\">\n\t\t\t\t\t\t<div class=\"elementor-container elementor-column-gap-default\">\n\t\t\t\t\t<div class=\"elementor-column elementor-col-50 elementor-top-column elementor-element elementor-element-004b6c1\" data-id=\"004b6c1\" data-element_type=\"column\">\n\t\t\t<div class=\"elementor-widget-wrap elementor-element-populated\">\n\t\t\t\t\t\t<div class=\"elementor-element elementor-element-3cc1532 elementor-widget elementor-widget-heading\" data-id=\"3cc1532\" data-element_type=\"widget\" data-widget_type=\"heading.default\">\n\t\t\t\t<div class=\"elementor-widget-container\">\n\t\t\t\t\t<h2 class=\"elementor-heading-title elementor-size-default\">BraLIFT<\/h2>\t\t\t\t<\/div>\n\t\t\t\t<\/div>\n\t\t\t\t<div class=\"elementor-element elementor-element-4ceb02e elementor-widget elementor-widget-text-editor\" data-id=\"4ceb02e\" data-element_type=\"widget\" data-widget_type=\"text-editor.default\">\n\t\t\t\t<div class=\"elementor-widget-container\">\n\t\t\t\t\t\t\t\t\t<p>Bei der BraLift Massage geht es um die Lymphdrainage und Bruststraffung. Die BraLift Massage kann als erg\u00e4nzende Behandlung zu jeder manuellen Gesichtsbehandlung wirken, oder auf Wunsch als eigenst\u00e4ndige Behandlung durchgef\u00fchrt werden.<\/p><p>Die BraLift Massage wird ihre Brust straffen, kann aber auch bei Patientinnen nach operativen Behandlungen im Brustbereich helfen, Narben zu lindern, was bei vielen Frauen von gro\u00dfer Bedeutung sein kann.<\/p><p>Neben der Massage wird beim BraLift das sogenannte Kinesio-Tape genutzt. Das Kinesiotaping unterst\u00fctzt den Prozess der Haut- und Gewebsreinigung und hilft somit bei der Pflege des Brustbereiches. Dadurch wird das Hautbild und vor allem die Gewebegesundheit gef\u00f6rdert.<\/p>\t\t\t\t\t\t\t\t<\/div>\n\t\t\t\t<\/div>\n\t\t\t\t\t<\/div>\n\t\t<\/div>\n\t\t\t\t<div class=\"elementor-column elementor-col-50 elementor-top-column elementor-element elementor-element-007dd2e\" data-id=\"007dd2e\" data-element_type=\"column\">\n\t\t\t<div class=\"elementor-widget-wrap elementor-element-populated\">\n\t\t\t\t\t\t<div class=\"elementor-element elementor-element-7e13466 elementor-widget elementor-widget-image\" data-id=\"7e13466\" data-element_type=\"widget\" data-widget_type=\"image.default\">\n\t\t\t\t<div class=\"elementor-widget-container\">\n\t\t\t\t\t\t\t\t\t\t\t\t\t\t\t<img loading=\"lazy\" decoding=\"async\" width=\"600\" height=\"600\" src=\"https:\/\/www.blanimilani.de\/wp-content\/uploads\/2024\/04\/73620a61-70d1-4e74-b5df-49577fd5444a-e1713293616751.jpeg\" class=\"attachment-large size-large wp-image-577\" alt=\"\" srcset=\"https:\/\/www.blanimilani.de\/wp-content\/uploads\/2024\/04\/73620a61-70d1-4e74-b5df-49577fd5444a-e1713293616751.jpeg 600w, https:\/\/www.blanimilani.de\/wp-content\/uploads\/2024\/04\/73620a61-70d1-4e74-b5df-49577fd5444a-e1713293616751-300x300.jpeg 300w, https:\/\/www.blanimilani.de\/wp-content\/uploads\/2024\/04\/73620a61-70d1-4e74-b5df-49577fd5444a-e1713293616751-150x150.jpeg 150w\" sizes=\"(max-width: 600px) 100vw, 600px\" \/>\t\t\t\t\t\t\t\t\t\t\t\t\t\t\t<\/div>\n\t\t\t\t<\/div>\n\t\t\t\t\t<\/div>\n\t\t<\/div>\n\t\t\t\t\t<\/div>\n\t\t<\/section>\n\t\t\t\t<\/div>\n\t\t","protected":false},"excerpt":{"rendered":"<p>Massagen Kobido Kobido ist eine traditionelle japanische Gesichtsmassage, die auf jahrhundertealten Techniken basiert. Der Name &#8222;Kobido&#8221; bedeutet w\u00f6rtlich \u00fcbersetzt &#8222;altes Sch\u00f6nheitsweg&#8221;. Diese Massageform ist bekannt f\u00fcr ihre sanften, aber effektiven Techniken, die darauf abzielen, die Haut zu straffen, die Muskulatur zu st\u00e4rken und die Gesichtsz\u00fcge zu beleben. W\u00e4hrend einer Kobido-Massage werden verschiedene Methoden angewendet, darunter [&hellip;]<\/p>\n","protected":false},"author":1,"featured_media":0,"parent":0,"menu_order":0,"comment_status":"closed","ping_status":"closed","template":"elementor_header_footer","meta":{"footnotes":""},"class_list":["post-19","page","type-page","status-publish","hentry"],"_links":{"self":[{"href":"https:\/\/www.blanimilani.de\/index.php\/wp-json\/wp\/v2\/pages\/19","targetHints":{"allow":["GET"]}}],"collection":[{"href":"https:\/\/www.blanimilani.de\/index.php\/wp-json\/wp\/v2\/pages"}],"about":[{"href":"https:\/\/www.blanimilani.de\/index.php\/wp-json\/wp\/v2\/types\/page"}],"author":[{"embeddable":true,"href":"https:\/\/www.blanimilani.de\/index.php\/wp-json\/wp\/v2\/users\/1"}],"replies":[{"embeddable":true,"href":"https:\/\/www.blanimilani.de\/index.php\/wp-json\/wp\/v2\/comments?post=19"}],"version-history":[{"count":103,"href":"https:\/\/www.blanimilani.de\/index.php\/wp-json\/wp\/v2\/pages\/19\/revisions"}],"predecessor-version":[{"id":668,"href":"https:\/\/www.blanimilani.de\/index.php\/wp-json\/wp\/v2\/pages\/19\/revisions\/668"}],"wp:attachment":[{"href":"https:\/\/www.blanimilani.de\/index.php\/wp-json\/wp\/v2\/media?parent=19"}],"curies":[{"name":"wp","href":"https:\/\/api.w.org\/{rel}","templated":true}]}}