{"id":18,"date":"2023-11-08T18:55:29","date_gmt":"2023-11-08T17:55:29","guid":{"rendered":"https:\/\/www.blanimilani.de\/?page_id=18"},"modified":"2024-04-16T21:08:03","modified_gmt":"2024-04-16T19:08:03","slug":"leistungen","status":"publish","type":"page","link":"https:\/\/www.blanimilani.de\/index.php\/leistungen\/","title":{"rendered":"Leistungen"},"content":{"rendered":"\t\t<div data-elementor-type=\"wp-page\" data-elementor-id=\"18\" class=\"elementor elementor-18\" data-elementor-post-type=\"page\">\n\t\t\t\t\t\t<section class=\"elementor-section elementor-top-section elementor-element elementor-element-176fa019 elementor-section-boxed elementor-section-height-default elementor-section-height-default\" data-id=\"176fa019\" data-element_type=\"section\" data-settings=\"{&quot;background_background&quot;:&quot;classic&quot;}\">\n\t\t\t\t\t\t\t<div class=\"elementor-background-overlay\"><\/div>\n\t\t\t\t\t\t\t<div class=\"elementor-container elementor-column-gap-default\">\n\t\t\t\t\t<div class=\"elementor-column elementor-col-100 elementor-top-column elementor-element elementor-element-30016e47\" data-id=\"30016e47\" data-element_type=\"column\">\n\t\t\t<div class=\"elementor-widget-wrap elementor-element-populated\">\n\t\t\t\t\t\t<div class=\"elementor-element elementor-element-35342d58 elementor-widget elementor-widget-heading\" data-id=\"35342d58\" data-element_type=\"widget\" data-widget_type=\"heading.default\">\n\t\t\t\t<div class=\"elementor-widget-container\">\n\t\t\t\t\t<h1 class=\"elementor-heading-title elementor-size-default\">Leistungen<\/h1>\t\t\t\t<\/div>\n\t\t\t\t<\/div>\n\t\t\t\t\t<\/div>\n\t\t<\/div>\n\t\t\t\t\t<\/div>\n\t\t<\/section>\n\t\t\t\t<section class=\"elementor-section elementor-top-section elementor-element elementor-element-7312b68 elementor-section-content-middle elementor-section-boxed elementor-section-height-default elementor-section-height-default\" data-id=\"7312b68\" data-element_type=\"section\">\n\t\t\t\t\t\t<div class=\"elementor-container elementor-column-gap-default\">\n\t\t\t\t\t<div class=\"elementor-column elementor-col-50 elementor-top-column elementor-element elementor-element-18489a4\" data-id=\"18489a4\" data-element_type=\"column\">\n\t\t\t<div class=\"elementor-widget-wrap elementor-element-populated\">\n\t\t\t\t\t\t<div class=\"elementor-element elementor-element-d209877 elementor-widget elementor-widget-image\" data-id=\"d209877\" data-element_type=\"widget\" data-widget_type=\"image.default\">\n\t\t\t\t<div class=\"elementor-widget-container\">\n\t\t\t\t\t\t\t\t\t\t\t\t\t\t\t<img fetchpriority=\"high\" decoding=\"async\" width=\"666\" height=\"666\" src=\"https:\/\/www.blanimilani.de\/wp-content\/uploads\/2023\/12\/female-forehead-with-wrinkles-2023-11-27-05-32-28-utc-e1713294477282.jpg\" class=\"attachment-large size-large wp-image-316\" alt=\"\" srcset=\"https:\/\/www.blanimilani.de\/wp-content\/uploads\/2023\/12\/female-forehead-with-wrinkles-2023-11-27-05-32-28-utc-e1713294477282.jpg 666w, https:\/\/www.blanimilani.de\/wp-content\/uploads\/2023\/12\/female-forehead-with-wrinkles-2023-11-27-05-32-28-utc-e1713294477282-300x300.jpg 300w, https:\/\/www.blanimilani.de\/wp-content\/uploads\/2023\/12\/female-forehead-with-wrinkles-2023-11-27-05-32-28-utc-e1713294477282-150x150.jpg 150w\" sizes=\"(max-width: 666px) 100vw, 666px\" \/>\t\t\t\t\t\t\t\t\t\t\t\t\t\t\t<\/div>\n\t\t\t\t<\/div>\n\t\t\t\t\t<\/div>\n\t\t<\/div>\n\t\t\t\t<div class=\"elementor-column elementor-col-50 elementor-top-column elementor-element elementor-element-c5181c1\" data-id=\"c5181c1\" data-element_type=\"column\">\n\t\t\t<div class=\"elementor-widget-wrap elementor-element-populated\">\n\t\t\t\t\t\t<div class=\"elementor-element elementor-element-1fe55c1 elementor-widget elementor-widget-heading\" data-id=\"1fe55c1\" data-element_type=\"widget\" data-widget_type=\"heading.default\">\n\t\t\t\t<div class=\"elementor-widget-container\">\n\t\t\t\t\t<h2 class=\"elementor-heading-title elementor-size-default\">Retinol<\/h2>\t\t\t\t<\/div>\n\t\t\t\t<\/div>\n\t\t\t\t<div class=\"elementor-element elementor-element-1fbb338 elementor-widget elementor-widget-text-editor\" data-id=\"1fbb338\" data-element_type=\"widget\" data-widget_type=\"text-editor.default\">\n\t\t\t\t<div class=\"elementor-widget-container\">\n\t\t\t\t\t\t\t\t\t<p>Retinol, auch bekannt als Vitamin A, ist eine f\u00fchrende Komponente in der Kosmetikindustrie und bietet unvergleichliche Vorteile f\u00fcr die Haut. Unsere innovative Retinol-Behandlung ist speziell entworfen, um den Anzeichen der Hautalterung entgegenzuwirken, indem sie die Hauttextur verbessert, feine Linien minimiert und den Hautton gl\u00e4ttet.<\/p>\t\t\t\t\t\t\t\t<\/div>\n\t\t\t\t<\/div>\n\t\t\t\t<div class=\"elementor-element elementor-element-2e82c04 elementor-widget elementor-widget-text-editor\" data-id=\"2e82c04\" data-element_type=\"widget\" data-widget_type=\"text-editor.default\">\n\t\t\t\t<div class=\"elementor-widget-container\">\n\t\t\t\t\t\t\t\t\t<p><strong style=\"color: var( --e-global-color-primary ); font-family: var( --e-global-typography-text-font-family ), Sans-serif; font-size: 1em;\">F\u00fcr wen?<\/strong><\/p><p><span style=\"color: var( --e-global-color-primary ); font-family: var( --e-global-typography-text-font-family ), Sans-serif; font-size: 1em;\">Die Retinol-Behandlung wird Personen jeden Alters empfohlen, die das Aussehen ihrer Haut verbessern m\u00f6chten, insbesondere solchen, die mit folgenden Problemen zu k\u00e4mpfen haben:<\/span><\/p><ul><li>Falten und feinen Linien<\/li><li>Unebenem Hautteint<\/li><li>Akne und deren Spuren<\/li><li>Erweiterten Poren<\/li><\/ul>\t\t\t\t\t\t\t\t<\/div>\n\t\t\t\t<\/div>\n\t\t\t\t<div class=\"elementor-element elementor-element-f80f84f elementor-widget elementor-widget-text-editor\" data-id=\"f80f84f\" data-element_type=\"widget\" data-widget_type=\"text-editor.default\">\n\t\t\t\t<div class=\"elementor-widget-container\">\n\t\t\t\t\t\t\t\t\t<p><strong style=\"color: var( --e-global-color-primary ); font-family: var( --e-global-typography-text-font-family ), Sans-serif; font-size: 1em;\">Welche Vorteile gibt es?<\/strong><\/p><ul><li>Reduktion von Falten: Retinol stimuliert die Produktion von Kollagen, hilft bei der Gl\u00e4ttung vorhandener Falten und beugt der Entstehung neuer Falten vor.<\/li><li>Verbesserung der Hauttextur: Die regelm\u00e4\u00dfige Anwendung der Behandlung f\u00fchrt zu einer deutlichen Gl\u00e4ttung der Hauttextur.<\/li><li>Ausgleich des Hauttons: Dank seiner aufhellenden Eigenschaften reduziert Retinol effektiv Hyperpigmentierung und gleicht den Hautton aus.<\/li><li>Kontrolle \u00fcber Akne: Retinol hilft bei der Regulierung der Sebumproduktion, wodurch das Risiko neuer Ausbr\u00fcche minimiert wird.<\/li><\/ul>\t\t\t\t\t\t\t\t<\/div>\n\t\t\t\t<\/div>\n\t\t\t\t\t<\/div>\n\t\t<\/div>\n\t\t\t\t\t<\/div>\n\t\t<\/section>\n\t\t\t\t<section class=\"elementor-section elementor-top-section elementor-element elementor-element-3cb613a elementor-section-content-middle elementor-section-boxed elementor-section-height-default elementor-section-height-default\" data-id=\"3cb613a\" data-element_type=\"section\" data-settings=\"{&quot;background_background&quot;:&quot;classic&quot;}\">\n\t\t\t\t\t\t<div class=\"elementor-container elementor-column-gap-default\">\n\t\t\t\t\t<div class=\"elementor-column elementor-col-50 elementor-top-column elementor-element elementor-element-cd00f32\" data-id=\"cd00f32\" data-element_type=\"column\">\n\t\t\t<div class=\"elementor-widget-wrap elementor-element-populated\">\n\t\t\t\t\t\t<div class=\"elementor-element elementor-element-899100f elementor-widget elementor-widget-heading\" data-id=\"899100f\" data-element_type=\"widget\" data-widget_type=\"heading.default\">\n\t\t\t\t<div class=\"elementor-widget-container\">\n\t\t\t\t\t<h2 class=\"elementor-heading-title elementor-size-default\">Gesichtsreinigung<\/h2>\t\t\t\t<\/div>\n\t\t\t\t<\/div>\n\t\t\t\t<div class=\"elementor-element elementor-element-71dc746 elementor-widget elementor-widget-text-editor\" data-id=\"71dc746\" data-element_type=\"widget\" data-widget_type=\"text-editor.default\">\n\t\t\t\t<div class=\"elementor-widget-container\">\n\t\t\t\t\t\t\t\t\t<p><strong>Wasserstoffreinigung &#8211; Erfrischen Sie Ihre Haut<\/strong><\/p>\n<p>Entdecken Sie das Geheimnis strahlender und gesund aussehender Haut mit der Wasserstoffreinigungsbehandlung! Diese fortschrittliche Technologie nutzt die Kraft von Wasserstoffmolek\u00fclen, um tief in die Haut einzudringen, Verunreinigungen und freie Radikale zu entfernen, die zur Hautalterung beitragen.<\/p>\t\t\t\t\t\t\t\t<\/div>\n\t\t\t\t<\/div>\n\t\t\t\t<div class=\"elementor-element elementor-element-1f320f7 elementor-widget elementor-widget-text-editor\" data-id=\"1f320f7\" data-element_type=\"widget\" data-widget_type=\"text-editor.default\">\n\t\t\t\t<div class=\"elementor-widget-container\">\n\t\t\t\t\t\t\t\t\t<p><strong style=\"color: var( --e-global-color-primary ); font-family: var( --e-global-typography-text-font-family ), Sans-serif; font-size: 1em; background-color: var( --e-global-color-accent );\">Wie funktioniert es?<\/strong><\/p><p>Die Behandlung beginnt mit einer sanften Reinigung der Haut, um sie auf die Aufnahme von aktivem Wasserstoff vorzubereiten. Anschlie\u00dfend werden mit einem speziellen Ger\u00e4t Wasserstoffmolek\u00fcle tief in die Haut eingebracht, wo sie freie Radikale neutralisieren und die Zellerneuerung unterst\u00fctzen. Der Prozess endet mit der Anwendung eines feuchtigkeitsspendenden Serums, das langanhaltende Feuchtigkeit und Schutz bietet.<\/p>\t\t\t\t\t\t\t\t<\/div>\n\t\t\t\t<\/div>\n\t\t\t\t<div class=\"elementor-element elementor-element-3c24263 elementor-widget elementor-widget-text-editor\" data-id=\"3c24263\" data-element_type=\"widget\" data-widget_type=\"text-editor.default\">\n\t\t\t\t<div class=\"elementor-widget-container\">\n\t\t\t\t\t\t\t\t\t<p><strong style=\"color: var( --e-global-color-primary ); font-family: var( --e-global-typography-text-font-family ), Sans-serif; font-size: 1em; background-color: var( --e-global-color-accent );\">Vorteile der Behandlung<\/strong><\/p><ul><li>Tiefenreinigung der Haut von Verunreinigungen und Toxinen<\/li><li>Erh\u00f6hung der Feuchtigkeit und Elastizit\u00e4t der Haut<\/li><li>Aufhellung von Pigmentflecken und Ausgleich des Hautfarbtons<\/li><li>Reduzierung feiner Linien und Falten<\/li><li>Verbesserung des allgemeinen Hautzustands und Erscheinungsbilds<\/li><\/ul>\t\t\t\t\t\t\t\t<\/div>\n\t\t\t\t<\/div>\n\t\t\t\t\t<\/div>\n\t\t<\/div>\n\t\t\t\t<div class=\"elementor-column elementor-col-50 elementor-top-column elementor-element elementor-element-4d21936\" data-id=\"4d21936\" data-element_type=\"column\">\n\t\t\t<div class=\"elementor-widget-wrap elementor-element-populated\">\n\t\t\t\t\t\t<div class=\"elementor-element elementor-element-0bcb2e6 elementor-widget elementor-widget-image\" data-id=\"0bcb2e6\" data-element_type=\"widget\" data-widget_type=\"image.default\">\n\t\t\t\t<div class=\"elementor-widget-container\">\n\t\t\t\t\t\t\t\t\t\t\t\t\t\t\t<img decoding=\"async\" width=\"800\" height=\"722\" src=\"https:\/\/www.blanimilani.de\/wp-content\/uploads\/2023\/11\/woman-spa-mask-black-half-face-beauty-concept-M9ZAHJY.png\" class=\"attachment-large size-large wp-image-118\" alt=\"\" srcset=\"https:\/\/www.blanimilani.de\/wp-content\/uploads\/2023\/11\/woman-spa-mask-black-half-face-beauty-concept-M9ZAHJY.png 1000w, https:\/\/www.blanimilani.de\/wp-content\/uploads\/2023\/11\/woman-spa-mask-black-half-face-beauty-concept-M9ZAHJY-300x271.png 300w, https:\/\/www.blanimilani.de\/wp-content\/uploads\/2023\/11\/woman-spa-mask-black-half-face-beauty-concept-M9ZAHJY-768x693.png 768w\" sizes=\"(max-width: 800px) 100vw, 800px\" \/>\t\t\t\t\t\t\t\t\t\t\t\t\t\t\t<\/div>\n\t\t\t\t<\/div>\n\t\t\t\t\t<\/div>\n\t\t<\/div>\n\t\t\t\t\t<\/div>\n\t\t<\/section>\n\t\t\t\t<section class=\"elementor-section elementor-top-section elementor-element elementor-element-0312371 elementor-section-content-middle elementor-section-boxed elementor-section-height-default elementor-section-height-default\" data-id=\"0312371\" data-element_type=\"section\">\n\t\t\t\t\t\t<div class=\"elementor-container elementor-column-gap-default\">\n\t\t\t\t\t<div class=\"elementor-column elementor-col-50 elementor-top-column elementor-element elementor-element-205dba6\" data-id=\"205dba6\" data-element_type=\"column\">\n\t\t\t<div class=\"elementor-widget-wrap elementor-element-populated\">\n\t\t\t\t\t\t<div class=\"elementor-element elementor-element-2c7e001 elementor-widget elementor-widget-image\" data-id=\"2c7e001\" data-element_type=\"widget\" data-widget_type=\"image.default\">\n\t\t\t\t<div class=\"elementor-widget-container\">\n\t\t\t\t\t\t\t\t\t\t\t\t\t\t\t<img decoding=\"async\" width=\"700\" height=\"886\" src=\"https:\/\/www.blanimilani.de\/wp-content\/uploads\/2023\/11\/portrait-beautiful-young-woman-with-clean-fresh-sk-7ACXDQG-1.png\" class=\"attachment-large size-large wp-image-111\" alt=\"\" srcset=\"https:\/\/www.blanimilani.de\/wp-content\/uploads\/2023\/11\/portrait-beautiful-young-woman-with-clean-fresh-sk-7ACXDQG-1.png 700w, https:\/\/www.blanimilani.de\/wp-content\/uploads\/2023\/11\/portrait-beautiful-young-woman-with-clean-fresh-sk-7ACXDQG-1-237x300.png 237w\" sizes=\"(max-width: 700px) 100vw, 700px\" \/>\t\t\t\t\t\t\t\t\t\t\t\t\t\t\t<\/div>\n\t\t\t\t<\/div>\n\t\t\t\t\t<\/div>\n\t\t<\/div>\n\t\t\t\t<div class=\"elementor-column elementor-col-50 elementor-top-column elementor-element elementor-element-e087f1d\" data-id=\"e087f1d\" data-element_type=\"column\">\n\t\t\t<div class=\"elementor-widget-wrap elementor-element-populated\">\n\t\t\t\t\t\t<div class=\"elementor-element elementor-element-d07ed83 elementor-widget elementor-widget-heading\" data-id=\"d07ed83\" data-element_type=\"widget\" data-widget_type=\"heading.default\">\n\t\t\t\t<div class=\"elementor-widget-container\">\n\t\t\t\t\t<h2 class=\"elementor-heading-title elementor-size-default\">Mikronadel-Mesotherapie<\/h2>\t\t\t\t<\/div>\n\t\t\t\t<\/div>\n\t\t\t\t<div class=\"elementor-element elementor-element-7e15029 elementor-widget elementor-widget-text-editor\" data-id=\"7e15029\" data-element_type=\"widget\" data-widget_type=\"text-editor.default\">\n\t\t\t\t<div class=\"elementor-widget-container\">\n\t\t\t\t\t\t\t\t\t<p>Die Mikronadel-Mesotherapie ist eine moderne und innovative Methode zur Hautregeneration, die weltweit aufgrund ihrer Effektivit\u00e4t und minimalen Invasivit\u00e4t an Beliebtheit gewonnen hat. Es handelt sich um ein kosmetisches Verfahren, bei dem sehr feine Nadeln verwendet werden, um Mikroperforationen in den oberen Hautschichten zu erzeugen. Diese mikroskopischen Verletzungen stimulieren die nat\u00fcrlichen Regenerationsprozesse des K\u00f6rpers, einschlie\u00dflich der Produktion von Kollagen und Elastin, was zu einer signifikanten Verbesserung des Hautzustands und -aussehens f\u00fchrt.<\/p>\t\t\t\t\t\t\t\t<\/div>\n\t\t\t\t<\/div>\n\t\t\t\t<div class=\"elementor-element elementor-element-985285c elementor-widget elementor-widget-text-editor\" data-id=\"985285c\" data-element_type=\"widget\" data-widget_type=\"text-editor.default\">\n\t\t\t\t<div class=\"elementor-widget-container\">\n\t\t\t\t\t\t\t\t\t<p><span style=\"color: var( --e-global-color-primary ); font-family: var( --e-global-typography-text-font-family ), Sans-serif; font-size: 1em;\">Die Behandlung wird Personen empfohlen, die die allgemeine Hautkondition verbessern, das Erscheinungsbild von feinen Linien, Falten, Narben, Dehnungsstreifen minimieren und den Hautton ausgleichen m\u00f6chten. Die Mikronadel-Mesotherapie ist besonders wirksam im Kampf gegen die Anzeichen des Alterns, da sie die Hauterneuerungsprozesse intensiv stimuliert.<\/span><\/p>\t\t\t\t\t\t\t\t<\/div>\n\t\t\t\t<\/div>\n\t\t\t\t\t<\/div>\n\t\t<\/div>\n\t\t\t\t\t<\/div>\n\t\t<\/section>\n\t\t\t\t<section class=\"elementor-section elementor-top-section elementor-element elementor-element-5facfac elementor-section-content-middle elementor-section-boxed elementor-section-height-default elementor-section-height-default\" data-id=\"5facfac\" data-element_type=\"section\" data-settings=\"{&quot;background_background&quot;:&quot;classic&quot;}\">\n\t\t\t\t\t\t<div class=\"elementor-container elementor-column-gap-default\">\n\t\t\t\t\t<div class=\"elementor-column elementor-col-50 elementor-top-column elementor-element elementor-element-d62a1fd\" data-id=\"d62a1fd\" data-element_type=\"column\">\n\t\t\t<div class=\"elementor-widget-wrap elementor-element-populated\">\n\t\t\t\t\t\t<div class=\"elementor-element elementor-element-a5d76e5 elementor-widget elementor-widget-heading\" data-id=\"a5d76e5\" data-element_type=\"widget\" data-widget_type=\"heading.default\">\n\t\t\t\t<div class=\"elementor-widget-container\">\n\t\t\t\t\t<h2 class=\"elementor-heading-title elementor-size-default\">LED Lichtherapie<\/h2>\t\t\t\t<\/div>\n\t\t\t\t<\/div>\n\t\t\t\t<div class=\"elementor-element elementor-element-db79075 elementor-widget elementor-widget-text-editor\" data-id=\"db79075\" data-element_type=\"widget\" data-widget_type=\"text-editor.default\">\n\t\t\t\t<div class=\"elementor-widget-container\">\n\t\t\t\t\t\t\t\t\t<p>LED-Lichttherapie ist eine innovative Behandlungsmethode, die Licht mit verschiedenen Wellenl\u00e4ngen nutzt, um die Haut zu verbessern und verschiedene Hautprobleme zu behandeln. Durch die gezielte Anwendung von rotem, blauem und\/oder infrarotem Licht kann die LED-Lichttherapie die Kollagenproduktion anregen, die Hautstruktur verbessern, Akne bek\u00e4mpfen, Entz\u00fcndungen reduzieren und die Hautalterung verlangsamen. Diese nicht-invasive Behandlung ist schmerzfrei und ohne Nebenwirkungen, und sie eignet sich f\u00fcr alle Hauttypen. Die LED-Lichttherapie ist eine effektive M\u00f6glichkeit, um ein strahlendes, jugendliches Hautbild zu f\u00f6rdern und Hautprobleme auf sanfte Weise zu behandeln.<\/p>\t\t\t\t\t\t\t\t<\/div>\n\t\t\t\t<\/div>\n\t\t\t\t\t<\/div>\n\t\t<\/div>\n\t\t\t\t<div class=\"elementor-column elementor-col-50 elementor-top-column elementor-element elementor-element-6b792e8\" data-id=\"6b792e8\" data-element_type=\"column\">\n\t\t\t<div class=\"elementor-widget-wrap elementor-element-populated\">\n\t\t\t\t\t\t<div class=\"elementor-element elementor-element-188b046 elementor-widget elementor-widget-image\" data-id=\"188b046\" data-element_type=\"widget\" data-widget_type=\"image.default\">\n\t\t\t\t<div class=\"elementor-widget-container\">\n\t\t\t\t\t\t\t\t\t\t\t\t\t\t\t<img loading=\"lazy\" decoding=\"async\" width=\"800\" height=\"798\" src=\"https:\/\/www.blanimilani.de\/wp-content\/uploads\/2024\/04\/fc0d4f99-417b-4b49-8651-c8c311b65c75-1024x1022.jpeg\" class=\"attachment-large size-large wp-image-599\" alt=\"\" srcset=\"https:\/\/www.blanimilani.de\/wp-content\/uploads\/2024\/04\/fc0d4f99-417b-4b49-8651-c8c311b65c75-1024x1022.jpeg 1024w, https:\/\/www.blanimilani.de\/wp-content\/uploads\/2024\/04\/fc0d4f99-417b-4b49-8651-c8c311b65c75-300x300.jpeg 300w, https:\/\/www.blanimilani.de\/wp-content\/uploads\/2024\/04\/fc0d4f99-417b-4b49-8651-c8c311b65c75-150x150.jpeg 150w, https:\/\/www.blanimilani.de\/wp-content\/uploads\/2024\/04\/fc0d4f99-417b-4b49-8651-c8c311b65c75-768x767.jpeg 768w, https:\/\/www.blanimilani.de\/wp-content\/uploads\/2024\/04\/fc0d4f99-417b-4b49-8651-c8c311b65c75.jpeg 1191w\" sizes=\"(max-width: 800px) 100vw, 800px\" \/>\t\t\t\t\t\t\t\t\t\t\t\t\t\t\t<\/div>\n\t\t\t\t<\/div>\n\t\t\t\t\t<\/div>\n\t\t<\/div>\n\t\t\t\t\t<\/div>\n\t\t<\/section>\n\t\t\t\t<\/div>\n\t\t","protected":false},"excerpt":{"rendered":"<p>Leistungen Retinol Retinol, auch bekannt als Vitamin A, ist eine f\u00fchrende Komponente in der Kosmetikindustrie und bietet unvergleichliche Vorteile f\u00fcr die Haut. Unsere innovative Retinol-Behandlung ist speziell entworfen, um den Anzeichen der Hautalterung entgegenzuwirken, indem sie die Hauttextur verbessert, feine Linien minimiert und den Hautton gl\u00e4ttet. F\u00fcr wen? Die Retinol-Behandlung wird Personen jeden Alters empfohlen, [&hellip;]<\/p>\n","protected":false},"author":1,"featured_media":0,"parent":0,"menu_order":0,"comment_status":"closed","ping_status":"closed","template":"elementor_header_footer","meta":{"footnotes":""},"class_list":["post-18","page","type-page","status-publish","hentry"],"_links":{"self":[{"href":"https:\/\/www.blanimilani.de\/index.php\/wp-json\/wp\/v2\/pages\/18","targetHints":{"allow":["GET"]}}],"collection":[{"href":"https:\/\/www.blanimilani.de\/index.php\/wp-json\/wp\/v2\/pages"}],"about":[{"href":"https:\/\/www.blanimilani.de\/index.php\/wp-json\/wp\/v2\/types\/page"}],"author":[{"embeddable":true,"href":"https:\/\/www.blanimilani.de\/index.php\/wp-json\/wp\/v2\/users\/1"}],"replies":[{"embeddable":true,"href":"https:\/\/www.blanimilani.de\/index.php\/wp-json\/wp\/v2\/comments?post=18"}],"version-history":[{"count":55,"href":"https:\/\/www.blanimilani.de\/index.php\/wp-json\/wp\/v2\/pages\/18\/revisions"}],"predecessor-version":[{"id":615,"href":"https:\/\/www.blanimilani.de\/index.php\/wp-json\/wp\/v2\/pages\/18\/revisions\/615"}],"wp:attachment":[{"href":"https:\/\/www.blanimilani.de\/index.php\/wp-json\/wp\/v2\/media?parent=18"}],"curies":[{"name":"wp","href":"https:\/\/api.w.org\/{rel}","templated":true}]}}